{"id":32,"date":"2026-04-25T07:58:24","date_gmt":"2026-04-25T07:58:24","guid":{"rendered":"https:\/\/58winplus.com\/?page_id=32"},"modified":"2026-04-25T13:51:47","modified_gmt":"2026-04-25T13:51:47","slug":"trang-chu","status":"publish","type":"page","link":"https:\/\/58winplus.com\/","title":{"rendered":"Trang ch\u1ee7"},"content":{"rendered":"\n<div class=\"header\">\n<div class=\"btn-group\">\n        <a href=\"#\" class=\"btn\">\u0110\u0102NG K\u00dd<\/a><br \/>\n        <a href=\"#\" class=\"btn\">\u0110\u0102NG NH\u1eacP<\/a>\n    <\/div>\n<\/div>\n\n\n<div class=\"w55-banner-box\">\n    <img decoding=\"async\" src=\"https:\/\/58winplus.com\/wp-content\/uploads\/2026\/04\/58win-trang-chu-chinh-thuc-2.jpg\" alt=\"\">\n<\/div>\n\n\t<div id=\"stack-3801386831\" class=\"stack stack-row justify-start items-stretch\">\n\t\t\n<div class=\"row row-collapse row-dashed\"  id=\"row-2051130482\">\n\n\t<div id=\"col-2027430144\" class=\"col medium-3 small-6 large-3\"  >\n\t\t\t\t<div class=\"col-inner\"  >\n\t\t\t\n\t\t\t\n\t<div class=\"img has-hover x md-x lg-x y md-y lg-y\" id=\"image_1309748705\">\n\t\t\t\t\t\t\t\t<div class=\"img-inner dark\" >\n\t\t\t<img loading=\"lazy\" decoding=\"async\" width=\"271\" height=\"362\" src=\"https:\/\/58winplus.com\/wp-content\/uploads\/2026\/04\/ban-ca-55win-1.png\" class=\"attachment-original size-original\" alt=\"b\u1eafn c\u00e1 55win\" srcset=\"https:\/\/58winplus.com\/wp-content\/uploads\/2026\/04\/ban-ca-55win-1.png 271w, https:\/\/58winplus.com\/wp-content\/uploads\/2026\/04\/ban-ca-55win-1-225x300.png 225w\" sizes=\"auto, (max-width: 271px) 100vw, 271px\" \/>\t\t\t\t\t\t\n\t\t\t\t\t<\/div>\n\t\t\t\t\t\t\t\t\n<style>\n#image_1309748705 {\n  width: 85%;\n}\n<\/style>\n\t<\/div>\n\t\n\t\t<\/div>\n\t\t\t\t\t<\/div>\n\n\t\n\n\t<div id=\"col-1454009250\" class=\"col medium-3 small-6 large-3\"  >\n\t\t\t\t<div class=\"col-inner\"  >\n\t\t\t\n\t\t\t\n\t<div class=\"img has-hover x md-x lg-x y md-y lg-y\" id=\"image_1635027823\">\n\t\t\t\t\t\t\t\t<div class=\"img-inner dark\" >\n\t\t\t<img loading=\"lazy\" decoding=\"async\" width=\"271\" height=\"362\" src=\"https:\/\/58winplus.com\/wp-content\/uploads\/2026\/04\/the-thao-55win.png\" class=\"attachment-original size-original\" alt=\"th\u1ec3 thao 55win\" srcset=\"https:\/\/58winplus.com\/wp-content\/uploads\/2026\/04\/the-thao-55win.png 271w, https:\/\/58winplus.com\/wp-content\/uploads\/2026\/04\/the-thao-55win-225x300.png 225w\" sizes=\"auto, (max-width: 271px) 100vw, 271px\" \/>\t\t\t\t\t\t\n\t\t\t\t\t<\/div>\n\t\t\t\t\t\t\t\t\n<style>\n#image_1635027823 {\n  width: 85%;\n}\n<\/style>\n\t<\/div>\n\t\n\t\t<\/div>\n\t\t\t\t\t<\/div>\n\n\t\n\n\t<div id=\"col-1567978824\" class=\"col medium-3 small-6 large-3\"  >\n\t\t\t\t<div class=\"col-inner\"  >\n\t\t\t\n\t\t\t\n\t<div class=\"img has-hover x md-x lg-x y md-y lg-y\" id=\"image_1208873650\">\n\t\t\t\t\t\t\t\t<div class=\"img-inner dark\" >\n\t\t\t<img loading=\"lazy\" decoding=\"async\" width=\"271\" height=\"362\" src=\"https:\/\/58winplus.com\/wp-content\/uploads\/2026\/04\/da-ga-55win.png\" class=\"attachment-original size-original\" alt=\"\u0111\u00e1 g\u00e0 55win\" srcset=\"https:\/\/58winplus.com\/wp-content\/uploads\/2026\/04\/da-ga-55win.png 271w, https:\/\/58winplus.com\/wp-content\/uploads\/2026\/04\/da-ga-55win-225x300.png 225w\" sizes=\"auto, (max-width: 271px) 100vw, 271px\" \/>\t\t\t\t\t\t\n\t\t\t\t\t<\/div>\n\t\t\t\t\t\t\t\t\n<style>\n#image_1208873650 {\n  width: 85%;\n}\n<\/style>\n\t<\/div>\n\t\n\t\t<\/div>\n\t\t\t\t\t<\/div>\n\n\t\n\n\t<div id=\"col-343519182\" class=\"col medium-3 small-6 large-3\"  >\n\t\t\t\t<div class=\"col-inner\"  >\n\t\t\t\n\t\t\t\n\t<div class=\"img has-hover x md-x lg-x y md-y lg-y\" id=\"image_1317697774\">\n\t\t\t\t\t\t\t\t<div class=\"img-inner dark\" >\n\t\t\t<img loading=\"lazy\" decoding=\"async\" width=\"271\" height=\"362\" src=\"https:\/\/58winplus.com\/wp-content\/uploads\/2026\/04\/casino-55win.png\" class=\"attachment-original size-original\" alt=\"casino 55win ch\u00ednh th\u1ee9c\" srcset=\"https:\/\/58winplus.com\/wp-content\/uploads\/2026\/04\/casino-55win.png 271w, https:\/\/58winplus.com\/wp-content\/uploads\/2026\/04\/casino-55win-225x300.png 225w\" sizes=\"auto, (max-width: 271px) 100vw, 271px\" \/>\t\t\t\t\t\t\n\t\t\t\t\t<\/div>\n\t\t\t\t\t\t\t\t\n<style>\n#image_1317697774 {\n  width: 85%;\n}\n<\/style>\n\t<\/div>\n\t\n\t\t<\/div>\n\t\t\t\t\t<\/div>\n\n\t\n\n<style>\n#row-2051130482 > .col > .col-inner {\n  border-radius: 58px;\n}\n<\/style>\n<\/div>\n\t\t\n<style>\n#stack-3801386831 > * {\n  --stack-gap: 0rem;\n}\n<\/style>\n\t<\/div>\n\t\n\t<div id=\"text-3278549998\" class=\"text w55-main-content\">\n\t\t\n<div class=\"w55-scroll-box\">\n<p>    <!-- n\u1ed9i dung --><\/p>\n<h1 data-section-id=\"1yqt8jk\" data-start=\"127\" data-end=\"190\">58win \u2013 C\u1ed5ng Game Gi\u1ea3i Tr\u00ed Uy T\u00edn, \u0110\u1eb3ng C\u1ea5p H\u00e0ng \u0110\u1ea7u Hi\u1ec7n Nay<\/h1>\n<h2 data-section-id=\"1s38v6o\" data-start=\"192\" data-end=\"207\">58win l\u00e0 g\u00ec?<\/h2>\n<p data-start=\"209\" data-end=\"481\"><strong data-start=\"209\" data-end=\"250\"><span class=\"hover:entity-accent entity-underline inline cursor-pointer align-baseline\"><span class=\"whitespace-normal\">58win<\/span><\/span><\/strong> l\u00e0 m\u1ed9t trong nh\u1eefng c\u1ed5ng game tr\u1ef1c tuy\u1ebfn \u0111ang \u0111\u01b0\u1ee3c nhi\u1ec1u ng\u01b0\u1eddi ch\u01a1i quan t\u00e2m hi\u1ec7n nay. N\u1ec1n t\u1ea3ng n\u00e0y cung c\u1ea5p \u0111a d\u1ea1ng c\u00e1c tr\u00f2 ch\u01a1i gi\u1ea3i tr\u00ed h\u1ea5p d\u1eabn nh\u01b0 c\u00e1 c\u01b0\u1ee3c th\u1ec3 thao, casino tr\u1ef1c tuy\u1ebfn, slot game v\u00e0 nhi\u1ec1u h\u00ecnh th\u1ee9c gi\u1ea3i tr\u00ed kh\u00e1c.<\/p>\n<p data-start=\"483\" data-end=\"624\">V\u1edbi giao di\u1ec7n th\u00e2n thi\u1ec7n, t\u1ed1c \u0111\u1ed9 x\u1eed l\u00fd nhanh v\u00e0 h\u1ec7 th\u1ed1ng b\u1ea3o m\u1eadt cao, 58win \u0111ang d\u1ea7n kh\u1eb3ng \u0111\u1ecbnh v\u1ecb th\u1ebf c\u1ee7a m\u00ecnh trong th\u1ecb tr\u01b0\u1eddng game online.<\/p>\n<hr data-start=\"626\" data-end=\"629\" \/>\n<h2 data-section-id=\"1rzwku0\" data-start=\"631\" data-end=\"659\">\u01afu \u0111i\u1ec3m n\u1ed5i b\u1eadt c\u1ee7a 58win<\/h2>\n<h3 data-section-id=\"19h0suv\" data-start=\"661\" data-end=\"695\">1. Kho game \u0111a d\u1ea1ng, h\u1ea5p d\u1eabn<\/h3>\n<p data-start=\"696\" data-end=\"755\">58win mang \u0111\u1ebfn cho ng\u01b0\u1eddi ch\u01a1i h\u00e0ng tr\u0103m tr\u00f2 ch\u01a1i kh\u00e1c nhau:<\/p>\n<ul data-start=\"756\" data-end=\"901\">\n<li data-section-id=\"qawgi0\" data-start=\"756\" data-end=\"807\">Casino tr\u1ef1c tuy\u1ebfn (baccarat, blackjack, roulette)<\/li>\n<li data-section-id=\"umnbcl\" data-start=\"808\" data-end=\"830\">Game slot \u0111\u1ed5i th\u01b0\u1edfng<\/li>\n<li data-section-id=\"gguida\" data-start=\"831\" data-end=\"877\">C\u00e1 c\u01b0\u1ee3c th\u1ec3 thao (b\u00f3ng \u0111\u00e1, b\u00f3ng r\u1ed5, eSports)<\/li>\n<li data-section-id=\"1libkp8\" data-start=\"878\" data-end=\"901\">Game b\u00e0i truy\u1ec1n th\u1ed1ng<\/li>\n<\/ul>\n<p data-start=\"903\" data-end=\"983\">S\u1ef1 \u0111a d\u1ea1ng n\u00e0y gi\u00fap ng\u01b0\u1eddi ch\u01a1i kh\u00f4ng b\u1ecb nh\u00e0m ch\u00e1n v\u00e0 lu\u00f4n c\u00f3 tr\u1ea3i nghi\u1ec7m m\u1edbi m\u1ebb.<\/p>\n<hr data-start=\"985\" data-end=\"988\" \/>\n<h3 data-section-id=\"1jwgtop\" data-start=\"990\" data-end=\"1031\">2. Giao di\u1ec7n th\u00e2n thi\u1ec7n, d\u1ec5 s\u1eed d\u1ee5ng<\/h3>\n<p data-start=\"1032\" data-end=\"1115\">Thi\u1ebft k\u1ebf c\u1ee7a 58win t\u1ed1i \u01b0u cho c\u1ea3 m\u00e1y t\u00ednh v\u00e0 \u0111i\u1ec7n tho\u1ea1i. Ng\u01b0\u1eddi d\u00f9ng c\u00f3 th\u1ec3 d\u1ec5 d\u00e0ng:<\/p>\n<ul data-start=\"1116\" data-end=\"1216\">\n<li data-section-id=\"1yxwc3s\" data-start=\"1116\" data-end=\"1149\">\u0110\u0103ng k\u00fd t\u00e0i kho\u1ea3n nhanh ch\u00f3ng<\/li>\n<li data-section-id=\"wkq3d0\" data-start=\"1150\" data-end=\"1175\">N\u1ea1p\/r\u00fat ti\u1ec1n ti\u1ec7n l\u1ee3i<\/li>\n<li data-section-id=\"osoknf\" data-start=\"1176\" data-end=\"1216\">Truy c\u1eadp game ch\u1ec9 trong v\u00e0i thao t\u00e1c<\/li>\n<\/ul>\n<hr data-start=\"1218\" data-end=\"1221\" \/>\n<h3 data-section-id=\"1qzxplq\" data-start=\"1223\" data-end=\"1253\">3. B\u1ea3o m\u1eadt th\u00f4ng tin cao<\/h3>\n<p data-start=\"1254\" data-end=\"1300\">58win s\u1eed d\u1ee5ng c\u00f4ng ngh\u1ec7 m\u00e3 h\u00f3a ti\u00ean ti\u1ebfn gi\u00fap:<\/p>\n<ul data-start=\"1301\" data-end=\"1390\">\n<li data-section-id=\"4hmpoj\" data-start=\"1301\" data-end=\"1327\">B\u1ea3o v\u1ec7 d\u1eef li\u1ec7u c\u00e1 nh\u00e2n<\/li>\n<li data-section-id=\"jz8jl2\" data-start=\"1328\" data-end=\"1357\">\u0110\u1ea3m b\u1ea3o giao d\u1ecbch an to\u00e0n<\/li>\n<li data-section-id=\"1890olh\" data-start=\"1358\" data-end=\"1390\">Ng\u0103n ch\u1eb7n truy c\u1eadp tr\u00e1i ph\u00e9p<\/li>\n<\/ul>\n<hr data-start=\"1392\" data-end=\"1395\" \/>\n<h3 data-section-id=\"t55caa\" data-start=\"1397\" data-end=\"1426\">4. T\u1ef7 l\u1ec7 th\u01b0\u1edfng h\u1ea5p d\u1eabn<\/h3>\n<p data-start=\"1427\" data-end=\"1480\">M\u1ed9t trong nh\u1eefng \u0111i\u1ec3m thu h\u00fat ng\u01b0\u1eddi ch\u01a1i t\u1ea1i 58win l\u00e0:<\/p>\n<ul data-start=\"1481\" data-end=\"1591\">\n<li data-section-id=\"txd2sy\" data-start=\"1481\" data-end=\"1505\">T\u1ef7 l\u1ec7 tr\u1ea3 th\u01b0\u1edfng cao<\/li>\n<li data-section-id=\"fv99kl\" data-start=\"1506\" data-end=\"1539\">Nhi\u1ec1u ch\u01b0\u01a1ng tr\u00ecnh khuy\u1ebfn m\u00e3i<\/li>\n<li data-section-id=\"lcz90n\" data-start=\"1540\" data-end=\"1591\">Th\u01b0\u1edfng n\u1ea1p l\u1ea7n \u0111\u1ea7u, ho\u00e0n tr\u1ea3, s\u1ef1 ki\u1ec7n h\u00e0ng tu\u1ea7n<\/li>\n<\/ul>\n<hr data-start=\"1593\" data-end=\"1596\" \/>\n<h2 data-section-id=\"1gikq1u\" data-start=\"1598\" data-end=\"1634\">H\u01b0\u1edbng d\u1eabn \u0111\u0103ng k\u00fd t\u00e0i kho\u1ea3n 58win<\/h2>\n<p data-start=\"1636\" data-end=\"1705\">\u0110\u1ec3 b\u1eaft \u0111\u1ea7u tr\u1ea3i nghi\u1ec7m t\u1ea1i 58win, b\u1ea1n ch\u1ec9 c\u1ea7n th\u1ef1c hi\u1ec7n c\u00e1c b\u01b0\u1edbc sau:<\/p>\n<ol data-start=\"1707\" data-end=\"1867\">\n<li data-section-id=\"1lj2j8b\" data-start=\"1707\" data-end=\"1749\">Truy c\u1eadp website ch\u00ednh th\u1ee9c c\u1ee7a 58win<\/li>\n<li data-section-id=\"4h0mu8\" data-start=\"1750\" data-end=\"1777\">Nh\u1ea5n v\u00e0o n\u00fat \u201c\u0110\u0103ng k\u00fd\u201d<\/li>\n<li data-section-id=\"enp73h\" data-start=\"1778\" data-end=\"1812\">\u0110i\u1ec1n \u0111\u1ea7y \u0111\u1ee7 th\u00f4ng tin c\u00e1 nh\u00e2n<\/li>\n<li data-section-id=\"1ql4kc\" data-start=\"1813\" data-end=\"1836\">X\u00e1c nh\u1eadn t\u00e0i kho\u1ea3n<\/li>\n<li data-section-id=\"1lnrt68\" data-start=\"1837\" data-end=\"1867\">\u0110\u0103ng nh\u1eadp v\u00e0 b\u1eaft \u0111\u1ea7u ch\u01a1i<\/li>\n<\/ol>\n<p data-start=\"1869\" data-end=\"1926\">Qu\u00e1 tr\u00ecnh \u0111\u0103ng k\u00fd ch\u1ec9 m\u1ea5t v\u00e0i ph\u00fat v\u00e0 ho\u00e0n to\u00e0n mi\u1ec5n ph\u00ed.<\/p>\n<hr data-start=\"1928\" data-end=\"1931\" \/>\n<h2 data-section-id=\"18ns6q\" data-start=\"1933\" data-end=\"1958\">58win c\u00f3 uy t\u00edn kh\u00f4ng?<\/h2>\n<p data-start=\"1960\" data-end=\"2046\">\u0110\u00e2y l\u00e0 c\u00e2u h\u1ecfi m\u00e0 nhi\u1ec1u ng\u01b0\u1eddi quan t\u00e2m khi t\u00ecm hi\u1ec3u v\u1ec1 58win. D\u1ef1a tr\u00ean c\u00e1c y\u1ebfu t\u1ed1 nh\u01b0:<\/p>\n<ul data-start=\"2047\" data-end=\"2120\">\n<li data-section-id=\"8c5x82\" data-start=\"2047\" data-end=\"2070\">Th\u1eddi gian ho\u1ea1t \u0111\u1ed9ng<\/li>\n<li data-section-id=\"1g9ct4i\" data-start=\"2071\" data-end=\"2094\">S\u1ed1 l\u01b0\u1ee3ng ng\u01b0\u1eddi ch\u01a1i<\/li>\n<li data-section-id=\"uf4yl3\" data-start=\"2095\" data-end=\"2120\">\u0110\u00e1nh gi\u00e1 t\u1eeb c\u1ed9ng \u0111\u1ed3ng<\/li>\n<\/ul>\n<p data-start=\"2122\" data-end=\"2259\">C\u00f3 th\u1ec3 th\u1ea5y 58win \u0111ang x\u00e2y d\u1ef1ng \u0111\u01b0\u1ee3c uy t\u00edn nh\u1ea5t \u0111\u1ecbnh trong th\u1ecb tr\u01b0\u1eddng. Tuy nhi\u00ean, ng\u01b0\u1eddi ch\u01a1i v\u1eabn n\u00ean t\u00ecm hi\u1ec3u k\u1ef9 v\u00e0 ch\u01a1i c\u00f3 tr\u00e1ch nhi\u1ec7m.<\/p>\n<hr data-start=\"2261\" data-end=\"2264\" \/>\n<h2 data-section-id=\"70iu6t\" data-start=\"2266\" data-end=\"2304\">Kinh nghi\u1ec7m ch\u01a1i t\u1ea1i 58win hi\u1ec7u qu\u1ea3<\/h2>\n<p data-start=\"2306\" data-end=\"2364\">\u0110\u1ec3 t\u1ed1i \u01b0u tr\u1ea3i nghi\u1ec7m v\u00e0 t\u0103ng c\u01a1 h\u1ed9i chi\u1ebfn th\u1eafng, b\u1ea1n n\u00ean:<\/p>\n<ul data-start=\"2365\" data-end=\"2477\">\n<li data-section-id=\"1o4nutv\" data-start=\"2365\" data-end=\"2387\">Qu\u1ea3n l\u00fd v\u1ed1n h\u1ee3p l\u00fd<\/li>\n<li data-section-id=\"fsykcf\" data-start=\"2388\" data-end=\"2425\">Ch\u1ecdn tr\u00f2 ch\u01a1i ph\u00f9 h\u1ee3p v\u1edbi k\u1ef9 n\u0103ng<\/li>\n<li data-section-id=\"krvfrj\" data-start=\"2426\" data-end=\"2453\">Kh\u00f4ng ch\u01a1i theo c\u1ea3m x\u00fac<\/li>\n<li data-section-id=\"1yq34ge\" data-start=\"2454\" data-end=\"2477\">T\u1eadn d\u1ee5ng khuy\u1ebfn m\u00e3i<\/li>\n<\/ul>\n<hr data-start=\"2479\" data-end=\"2482\" \/>\n<h2 data-section-id=\"11x5u5b\" data-start=\"2484\" data-end=\"2495\">K\u1ebft lu\u1eadn<\/h2>\n<p data-start=\"2497\" data-end=\"2730\"><strong data-start=\"2497\" data-end=\"2506\">58win<\/strong> l\u00e0 m\u1ed9t n\u1ec1n t\u1ea3ng gi\u1ea3i tr\u00ed tr\u1ef1c tuy\u1ebfn \u0111\u00e1ng \u0111\u1ec3 tr\u1ea3i nghi\u1ec7m v\u1edbi nhi\u1ec1u \u01b0u \u0111i\u1ec3m nh\u01b0 kho game phong ph\u00fa, giao di\u1ec7n d\u1ec5 d\u00f9ng v\u00e0 ch\u00ednh s\u00e1ch th\u01b0\u1edfng h\u1ea5p d\u1eabn. N\u1ebfu b\u1ea1n \u0111ang t\u00ecm ki\u1ebfm m\u1ed9t c\u1ed5ng game uy t\u00edn, 58win c\u00f3 th\u1ec3 l\u00e0 l\u1ef1a ch\u1ecdn ph\u00f9 h\u1ee3p.<\/p>\n<\/div>\n\t\t\t<\/div>\n\t\n","protected":false},"excerpt":{"rendered":"","protected":false},"author":1,"featured_media":0,"parent":0,"menu_order":0,"comment_status":"closed","ping_status":"closed","template":"","meta":{"footnotes":""},"class_list":["post-32","page","type-page","status-publish","hentry"],"_links":{"self":[{"href":"https:\/\/58winplus.com\/index.php\/wp-json\/wp\/v2\/pages\/32","targetHints":{"allow":["GET"]}}],"collection":[{"href":"https:\/\/58winplus.com\/index.php\/wp-json\/wp\/v2\/pages"}],"about":[{"href":"https:\/\/58winplus.com\/index.php\/wp-json\/wp\/v2\/types\/page"}],"author":[{"embeddable":true,"href":"https:\/\/58winplus.com\/index.php\/wp-json\/wp\/v2\/users\/1"}],"replies":[{"embeddable":true,"href":"https:\/\/58winplus.com\/index.php\/wp-json\/wp\/v2\/comments?post=32"}],"version-history":[{"count":17,"href":"https:\/\/58winplus.com\/index.php\/wp-json\/wp\/v2\/pages\/32\/revisions"}],"predecessor-version":[{"id":78,"href":"https:\/\/58winplus.com\/index.php\/wp-json\/wp\/v2\/pages\/32\/revisions\/78"}],"wp:attachment":[{"href":"https:\/\/58winplus.com\/index.php\/wp-json\/wp\/v2\/media?parent=32"}],"curies":[{"name":"wp","href":"https:\/\/api.w.org\/{rel}","templated":true}]}}